{"id":300,"date":"2021-02-08T12:27:46","date_gmt":"2021-02-08T10:27:46","guid":{"rendered":"http:\/\/www.lappituote.fi\/lapinlumo\/?page_id=300"},"modified":"2024-04-25T14:47:42","modified_gmt":"2024-04-25T12:47:42","slug":"toimitusehdot","status":"publish","type":"page","link":"https:\/\/www.lappituote.fi\/lapinlumo\/?page_id=300","title":{"rendered":"Toimitusehdot"},"content":{"rendered":"\t\t<div data-elementor-type=\"wp-page\" data-elementor-id=\"300\" class=\"elementor elementor-300\">\n\t\t\t\t\t\t<section class=\"elementor-section elementor-top-section elementor-element elementor-element-0f1d2e3 elementor-section-height-min-height elementor-section-stretched elementor-section-boxed elementor-section-height-default elementor-section-items-middle\" data-id=\"0f1d2e3\" data-element_type=\"section\" data-settings=\"{&quot;stretch_section&quot;:&quot;section-stretched&quot;}\">\n\t\t\t\t\t\t\t<div class=\"elementor-background-overlay\"><\/div>\n\t\t\t\t\t\t\t<div class=\"elementor-container elementor-column-gap-default\">\n\t\t\t\t\t<div class=\"elementor-column elementor-col-100 elementor-top-column elementor-element elementor-element-cc8f52c\" data-id=\"cc8f52c\" data-element_type=\"column\">\n\t\t\t<div class=\"elementor-widget-wrap elementor-element-populated\">\n\t\t\t\t\t\t<div class=\"elementor-element elementor-element-6a076e0 elementor-widget elementor-widget-heading\" data-id=\"6a076e0\" data-element_type=\"widget\" data-widget_type=\"heading.default\">\n\t\t\t\t<div class=\"elementor-widget-container\">\n\t\t\t\t\t<h1 class=\"elementor-heading-title elementor-size-default\">Toimitusehdot<\/h1>\t\t\t\t<\/div>\n\t\t\t\t<\/div>\n\t\t\t\t<div class=\"elementor-element elementor-element-93831a1 elementor-widget elementor-widget-heading\" data-id=\"93831a1\" data-element_type=\"widget\" data-widget_type=\"heading.default\">\n\t\t\t\t<div class=\"elementor-widget-container\">\n\t\t\t\t\t<h5 class=\"elementor-heading-title elementor-size-default\">Lapin lumo<\/h5>\t\t\t\t<\/div>\n\t\t\t\t<\/div>\n\t\t\t\t\t<\/div>\n\t\t<\/div>\n\t\t\t\t\t<\/div>\n\t\t<\/section>\n\t\t\t\t<section class=\"elementor-section elementor-top-section elementor-element elementor-element-779edae9 elementor-section-boxed elementor-section-height-default elementor-section-height-default\" data-id=\"779edae9\" data-element_type=\"section\">\n\t\t\t\t\t\t<div class=\"elementor-container elementor-column-gap-default\">\n\t\t\t\t\t<div class=\"elementor-column elementor-col-100 elementor-top-column elementor-element elementor-element-3e9e9793\" data-id=\"3e9e9793\" data-element_type=\"column\">\n\t\t\t<div class=\"elementor-widget-wrap elementor-element-populated\">\n\t\t\t\t\t\t<div class=\"elementor-element elementor-element-55db4c68 elementor-widget elementor-widget-text-editor\" data-id=\"55db4c68\" data-element_type=\"widget\" data-widget_type=\"text-editor.default\">\n\t\t\t\t<div class=\"elementor-widget-container\">\n\t\t\t\t\t\t\t\t\t<p>Tilataksesi Lappituotteen verkkokaupasta sinun on oltava t\u00e4ysi-ik\u00e4inen tai sinulla tulee olla huoltajan lupa tilauksen tekemiseen. Tilaukset toimitetaan Suomeen ja kaikki hinnat sis\u00e4lt\u00e4v\u00e4t Suomessa voimassa olevan arvolis\u00e4veron. Pid\u00e4t\u00e4mme oikeuden hintojen muutoksiin. L\u00e4het\u00e4mme tuotteet l\u00e4himp\u00e4\u00e4n toimipisteeseen 5-7 arkip\u00e4iv\u00e4n kuluessa tilauksen saapumisesta.<\/p>\n<p>Toimituskulut Suomeen 6,90\u20ac, muualle EU-alueelle 16,90\u20ac. T\u00e4ll\u00e4 hetkell\u00e4 emme toimita EU-alueen ulkopuolelle.<\/p>\t\t\t\t\t\t\t\t<\/div>\n\t\t\t\t<\/div>\n\t\t\t\t\t<\/div>\n\t\t<\/div>\n\t\t\t\t\t<\/div>\n\t\t<\/section>\n\t\t\t\t<\/div>\n\t\t","protected":false},"excerpt":{"rendered":"<p>Toimitusehdot Lapin lumo Tilataksesi Lappituotteen verkkokaupasta sinun on oltava t\u00e4ysi-ik\u00e4inen tai sinulla tulee olla huoltajan lupa tilauksen tekemiseen. Tilaukset toimitetaan Suomeen ja kaikki hinnat sis\u00e4lt\u00e4v\u00e4t Suomessa voimassa olevan arvolis\u00e4veron. Pid\u00e4t\u00e4mme oikeuden hintojen muutoksiin. L\u00e4het\u00e4mme tuotteet l\u00e4himp\u00e4\u00e4n toimipisteeseen 5-7 arkip\u00e4iv\u00e4n kuluessa tilauksen saapumisesta. Toimituskulut Suomeen 6,90\u20ac, muualle EU-alueelle 16,90\u20ac. T\u00e4ll\u00e4 hetkell\u00e4 emme toimita EU-alueen ulkopuolelle.<\/p>\n","protected":false},"author":1,"featured_media":0,"parent":0,"menu_order":0,"comment_status":"closed","ping_status":"closed","template":"","meta":{"neve_meta_sidebar":"","neve_meta_container":"","neve_meta_enable_content_width":"","neve_meta_content_width":0,"neve_meta_title_alignment":"","neve_meta_author_avatar":"","neve_post_elements_order":"","neve_meta_disable_header":"","neve_meta_disable_footer":"","neve_meta_disable_title":"","footnotes":""},"class_list":["post-300","page","type-page","status-publish","hentry"],"_links":{"self":[{"href":"https:\/\/www.lappituote.fi\/lapinlumo\/index.php?rest_route=\/wp\/v2\/pages\/300","targetHints":{"allow":["GET"]}}],"collection":[{"href":"https:\/\/www.lappituote.fi\/lapinlumo\/index.php?rest_route=\/wp\/v2\/pages"}],"about":[{"href":"https:\/\/www.lappituote.fi\/lapinlumo\/index.php?rest_route=\/wp\/v2\/types\/page"}],"author":[{"embeddable":true,"href":"https:\/\/www.lappituote.fi\/lapinlumo\/index.php?rest_route=\/wp\/v2\/users\/1"}],"replies":[{"embeddable":true,"href":"https:\/\/www.lappituote.fi\/lapinlumo\/index.php?rest_route=%2Fwp%2Fv2%2Fcomments&post=300"}],"version-history":[{"count":20,"href":"https:\/\/www.lappituote.fi\/lapinlumo\/index.php?rest_route=\/wp\/v2\/pages\/300\/revisions"}],"predecessor-version":[{"id":1692,"href":"https:\/\/www.lappituote.fi\/lapinlumo\/index.php?rest_route=\/wp\/v2\/pages\/300\/revisions\/1692"}],"wp:attachment":[{"href":"https:\/\/www.lappituote.fi\/lapinlumo\/index.php?rest_route=%2Fwp%2Fv2%2Fmedia&parent=300"}],"curies":[{"name":"wp","href":"https:\/\/api.w.org\/{rel}","templated":true}]}}