{"id":1096,"date":"2021-04-29T10:30:18","date_gmt":"2021-04-29T08:30:18","guid":{"rendered":"https:\/\/www.lappituote.fi\/lapinlumo\/?post_type=product&#038;p=1096"},"modified":"2025-07-03T10:52:17","modified_gmt":"2025-07-03T08:52:17","slug":"leuku-puukko-77cm","status":"publish","type":"product","link":"https:\/\/www.lappituote.fi\/lapinlumo\/?product=leuku-puukko-77cm","title":{"rendered":"Leuku puukko, 7,7cm"},"content":{"rendered":"","protected":false},"excerpt":{"rendered":"<p>Tyylik\u00e4s leuku puukko on t\u00e4ydellinen lahja retkeilij\u00e4lle. Visakoivun ja poronluun yhdistelm\u00e4 antaa puukolle arvokkuutta ja ripauksen lapin henke\u00e4.<\/p>\n<p>Jos olet tilaamassa puukkoa lahjaksi ja haluat puukon ter\u00e4\u00e4n nimen, ilmoita kaiverruksesta tilauksen yhteydess\u00e4. Kaiverrus kuuluu hintaan.<\/p>\n<p>Suomalaista k\u00e4sity\u00f6t\u00e4.<\/p>\n<p>&nbsp;<\/p>\n<p>Materiaali: visakoivu, ter\u00e4s, poronnahka<\/p>\n<p>Valmistusmaa: Suomi<\/p>\n<p>Ter\u00e4n pituus: 7,7cm<\/p>\n","protected":false},"featured_media":1093,"comment_status":"open","ping_status":"closed","template":"","meta":{"neve_meta_sidebar":"","neve_meta_container":"","neve_meta_enable_content_width":"off","neve_meta_content_width":0,"neve_meta_title_alignment":"","neve_meta_author_avatar":"","neve_post_elements_order":"","neve_meta_disable_header":"","neve_meta_disable_footer":"","neve_meta_disable_title":""},"product_brand":[],"product_cat":[17],"product_tag":[24,25,44],"class_list":{"0":"post-1096","1":"product","2":"type-product","3":"status-publish","4":"has-post-thumbnail","6":"product_cat-retkeily","7":"product_tag-puukko","8":"product_tag-retkeily","9":"product_tag-retkeilyvaline","11":"first","12":"instock","13":"taxable","14":"shipping-taxable","15":"purchasable","16":"product-type-simple"},"_links":{"self":[{"href":"https:\/\/www.lappituote.fi\/lapinlumo\/index.php?rest_route=\/wp\/v2\/product\/1096","targetHints":{"allow":["GET"]}}],"collection":[{"href":"https:\/\/www.lappituote.fi\/lapinlumo\/index.php?rest_route=\/wp\/v2\/product"}],"about":[{"href":"https:\/\/www.lappituote.fi\/lapinlumo\/index.php?rest_route=\/wp\/v2\/types\/product"}],"replies":[{"embeddable":true,"href":"https:\/\/www.lappituote.fi\/lapinlumo\/index.php?rest_route=%2Fwp%2Fv2%2Fcomments&post=1096"}],"version-history":[{"count":3,"href":"https:\/\/www.lappituote.fi\/lapinlumo\/index.php?rest_route=\/wp\/v2\/product\/1096\/revisions"}],"predecessor-version":[{"id":1840,"href":"https:\/\/www.lappituote.fi\/lapinlumo\/index.php?rest_route=\/wp\/v2\/product\/1096\/revisions\/1840"}],"wp:featuredmedia":[{"embeddable":true,"href":"https:\/\/www.lappituote.fi\/lapinlumo\/index.php?rest_route=\/wp\/v2\/media\/1093"}],"wp:attachment":[{"href":"https:\/\/www.lappituote.fi\/lapinlumo\/index.php?rest_route=%2Fwp%2Fv2%2Fmedia&parent=1096"}],"wp:term":[{"taxonomy":"product_brand","embeddable":true,"href":"https:\/\/www.lappituote.fi\/lapinlumo\/index.php?rest_route=%2Fwp%2Fv2%2Fproduct_brand&post=1096"},{"taxonomy":"product_cat","embeddable":true,"href":"https:\/\/www.lappituote.fi\/lapinlumo\/index.php?rest_route=%2Fwp%2Fv2%2Fproduct_cat&post=1096"},{"taxonomy":"product_tag","embeddable":true,"href":"https:\/\/www.lappituote.fi\/lapinlumo\/index.php?rest_route=%2Fwp%2Fv2%2Fproduct_tag&post=1096"}],"curies":[{"name":"wp","href":"https:\/\/api.w.org\/{rel}","templated":true}]}}