{"id":1100,"date":"2021-05-04T07:53:02","date_gmt":"2021-05-04T05:53:02","guid":{"rendered":"https:\/\/www.lappituote.fi\/lapinlumo\/?post_type=product&#038;p=1100"},"modified":"2025-07-03T10:48:51","modified_gmt":"2025-07-03T08:48:51","slug":"erapuukko-sytytin-85cm","status":"publish","type":"product","link":"https:\/\/www.lappituote.fi\/lapinlumo\/?product=erapuukko-sytytin-85cm","title":{"rendered":"Er\u00e4puukko + sytytin, 8,5cm"},"content":{"rendered":"","protected":false},"excerpt":{"rendered":"<p>Monik\u00e4ytt\u00f6inen er\u00e4puukko sytyttimell\u00e4 on t\u00e4ydellinen lahja retkeilij\u00e4lle. Visakoivun ja poronluun yhdistelm\u00e4 antaa puukolle arvokkuutta ja ripauksen lapin henke\u00e4.<\/p>\n<p>Jos olet tilaamassa puukkoa lahjaksi ja haluat puukon ter\u00e4\u00e4n nimen, ilmoita kaiverruksesta tilauksen yhteydess\u00e4. Kaiverrus kuuluu hintaan.<\/p>\n<p>Suomalaista k\u00e4sity\u00f6t\u00e4.<\/p>\n<p>&nbsp;<\/p>\n<p>Materiaali: visakoivu, ter\u00e4s, poronnahka<\/p>\n<p>Valmistusmaa: Suomi<\/p>\n<p>Ter\u00e4n pituus: 8,5cm<\/p>\n","protected":false},"featured_media":1101,"comment_status":"open","ping_status":"closed","template":"","meta":{"neve_meta_sidebar":"","neve_meta_container":"","neve_meta_enable_content_width":"off","neve_meta_content_width":0,"neve_meta_title_alignment":"","neve_meta_author_avatar":"","neve_post_elements_order":"","neve_meta_disable_header":"","neve_meta_disable_footer":"","neve_meta_disable_title":""},"product_brand":[],"product_cat":[17],"product_tag":[69,70,24],"class_list":{"0":"post-1100","1":"product","2":"type-product","3":"status-publish","4":"has-post-thumbnail","6":"product_cat-retkeily","7":"product_tag-erapuukko","8":"product_tag-kipinatikku","9":"product_tag-puukko","11":"first","12":"instock","13":"taxable","14":"shipping-taxable","15":"purchasable","16":"product-type-simple"},"_links":{"self":[{"href":"https:\/\/www.lappituote.fi\/lapinlumo\/index.php?rest_route=\/wp\/v2\/product\/1100","targetHints":{"allow":["GET"]}}],"collection":[{"href":"https:\/\/www.lappituote.fi\/lapinlumo\/index.php?rest_route=\/wp\/v2\/product"}],"about":[{"href":"https:\/\/www.lappituote.fi\/lapinlumo\/index.php?rest_route=\/wp\/v2\/types\/product"}],"replies":[{"embeddable":true,"href":"https:\/\/www.lappituote.fi\/lapinlumo\/index.php?rest_route=%2Fwp%2Fv2%2Fcomments&post=1100"}],"version-history":[{"count":3,"href":"https:\/\/www.lappituote.fi\/lapinlumo\/index.php?rest_route=\/wp\/v2\/product\/1100\/revisions"}],"predecessor-version":[{"id":1838,"href":"https:\/\/www.lappituote.fi\/lapinlumo\/index.php?rest_route=\/wp\/v2\/product\/1100\/revisions\/1838"}],"wp:featuredmedia":[{"embeddable":true,"href":"https:\/\/www.lappituote.fi\/lapinlumo\/index.php?rest_route=\/wp\/v2\/media\/1101"}],"wp:attachment":[{"href":"https:\/\/www.lappituote.fi\/lapinlumo\/index.php?rest_route=%2Fwp%2Fv2%2Fmedia&parent=1100"}],"wp:term":[{"taxonomy":"product_brand","embeddable":true,"href":"https:\/\/www.lappituote.fi\/lapinlumo\/index.php?rest_route=%2Fwp%2Fv2%2Fproduct_brand&post=1100"},{"taxonomy":"product_cat","embeddable":true,"href":"https:\/\/www.lappituote.fi\/lapinlumo\/index.php?rest_route=%2Fwp%2Fv2%2Fproduct_cat&post=1100"},{"taxonomy":"product_tag","embeddable":true,"href":"https:\/\/www.lappituote.fi\/lapinlumo\/index.php?rest_route=%2Fwp%2Fv2%2Fproduct_tag&post=1100"}],"curies":[{"name":"wp","href":"https:\/\/api.w.org\/{rel}","templated":true}]}}