{"id":1217,"date":"2021-11-10T22:01:10","date_gmt":"2021-11-10T20:01:10","guid":{"rendered":"https:\/\/www.lappituote.fi\/lapinlumo\/?post_type=product&#038;p=1217"},"modified":"2022-12-23T09:01:56","modified_gmt":"2022-12-23T07:01:56","slug":"kuksa-lahjasetti","status":"publish","type":"product","link":"https:\/\/www.lappituote.fi\/lapinlumo\/?product=kuksa-lahjasetti","title":{"rendered":"Kuksa lahjasetti"},"content":{"rendered":"","protected":false},"excerpt":{"rendered":"<p>Joululahjojen ostoa helpottamaan, loimme muutaman t\u00e4ydellisen lahjasetin.<\/p>\n<p>Isoimmasta lahjasetist\u00e4mme l\u00f6ytyy retkeilyn yst\u00e4ville kaunis k\u00e4sin valmistettu kotimainen kuksa, Riipisen herkullinen siirappi ja pat\u00e9. Lapin makuel\u00e4myksi\u00e4 laadukkaasta kuksasta nautittuna tuo ripauksen luksusta nuotioretkille! Valitse siirapin ja pat\u00e9n maku ja me teemme loput! K\u00e4yt\u00e4nn\u00f6llinen ja kotimainen lahjaidea pukinkonttiin! Setti tulee valmiiksi kauniisti pakattuna ja voidaan l\u00e4hett\u00e4\u00e4 joko tilaajalle tai suoraan lahjansaajalle terveisten kera.<\/p>\n<p>Kuksan halkaisija noin 70mm<br \/>\nPat\u00e9 210g<br \/>\nSiirappi 260g<\/p>\n","protected":false},"featured_media":1218,"comment_status":"open","ping_status":"closed","template":"","meta":{"neve_meta_sidebar":"","neve_meta_container":"","neve_meta_enable_content_width":"off","neve_meta_content_width":0,"neve_meta_title_alignment":"","neve_meta_author_avatar":"","neve_post_elements_order":"","neve_meta_disable_header":"","neve_meta_disable_footer":"","neve_meta_disable_title":""},"product_brand":[],"product_cat":[22],"product_tag":[32,38,37],"class_list":{"0":"post-1217","1":"product","2":"type-product","3":"status-publish","4":"has-post-thumbnail","6":"product_cat-lahjatavarat","7":"product_tag-joululahja","8":"product_tag-kuksa","9":"product_tag-siirappi","11":"first","12":"instock","13":"taxable","14":"shipping-taxable","15":"purchasable","16":"product-type-simple"},"_links":{"self":[{"href":"https:\/\/www.lappituote.fi\/lapinlumo\/index.php?rest_route=\/wp\/v2\/product\/1217","targetHints":{"allow":["GET"]}}],"collection":[{"href":"https:\/\/www.lappituote.fi\/lapinlumo\/index.php?rest_route=\/wp\/v2\/product"}],"about":[{"href":"https:\/\/www.lappituote.fi\/lapinlumo\/index.php?rest_route=\/wp\/v2\/types\/product"}],"replies":[{"embeddable":true,"href":"https:\/\/www.lappituote.fi\/lapinlumo\/index.php?rest_route=%2Fwp%2Fv2%2Fcomments&post=1217"}],"version-history":[{"count":6,"href":"https:\/\/www.lappituote.fi\/lapinlumo\/index.php?rest_route=\/wp\/v2\/product\/1217\/revisions"}],"predecessor-version":[{"id":1389,"href":"https:\/\/www.lappituote.fi\/lapinlumo\/index.php?rest_route=\/wp\/v2\/product\/1217\/revisions\/1389"}],"wp:featuredmedia":[{"embeddable":true,"href":"https:\/\/www.lappituote.fi\/lapinlumo\/index.php?rest_route=\/wp\/v2\/media\/1218"}],"wp:attachment":[{"href":"https:\/\/www.lappituote.fi\/lapinlumo\/index.php?rest_route=%2Fwp%2Fv2%2Fmedia&parent=1217"}],"wp:term":[{"taxonomy":"product_brand","embeddable":true,"href":"https:\/\/www.lappituote.fi\/lapinlumo\/index.php?rest_route=%2Fwp%2Fv2%2Fproduct_brand&post=1217"},{"taxonomy":"product_cat","embeddable":true,"href":"https:\/\/www.lappituote.fi\/lapinlumo\/index.php?rest_route=%2Fwp%2Fv2%2Fproduct_cat&post=1217"},{"taxonomy":"product_tag","embeddable":true,"href":"https:\/\/www.lappituote.fi\/lapinlumo\/index.php?rest_route=%2Fwp%2Fv2%2Fproduct_tag&post=1217"}],"curies":[{"name":"wp","href":"https:\/\/api.w.org\/{rel}","templated":true}]}}