{"id":1275,"date":"2021-11-18T17:28:54","date_gmt":"2021-11-18T15:28:54","guid":{"rendered":"https:\/\/www.lappituote.fi\/lapinlumo\/?post_type=product&#038;p=1275"},"modified":"2022-12-23T09:01:16","modified_gmt":"2022-12-23T07:01:16","slug":"lahjakortti-50e","status":"publish","type":"product","link":"https:\/\/www.lappituote.fi\/lapinlumo\/?product=lahjakortti-50e","title":{"rendered":"Lahjakortti, 50\u20ac"},"content":{"rendered":"","protected":false},"excerpt":{"rendered":"<p>Lahjakortti on helppo ja tyk\u00e4tty lahjaidea sek\u00e4 syntym\u00e4p\u00e4iv\u00e4ksi ett\u00e4 pukinkonttiin. Anna lahjaksi lumoava shoppailuhetki kotimaisten sisustus- ja retkeilytuotteiden yst\u00e4ville.<\/p>\n<p>Kortti sis\u00e4lt\u00e4\u00e4 koodin, jolla voi k\u00e4tev\u00e4sti tilata halutut tuotteet verkkokaupasta. Koodi on voimassa 12 kuukautta ostamisp\u00e4iv\u00e4st\u00e4.<\/p>\n","protected":false},"featured_media":1273,"comment_status":"open","ping_status":"closed","template":"","meta":{"neve_meta_sidebar":"","neve_meta_container":"","neve_meta_enable_content_width":"off","neve_meta_content_width":0,"neve_meta_title_alignment":"","neve_meta_author_avatar":"","neve_post_elements_order":"","neve_meta_disable_header":"","neve_meta_disable_footer":"","neve_meta_disable_title":""},"product_brand":[],"product_cat":[22],"product_tag":[32,41,40],"class_list":{"0":"post-1275","1":"product","2":"type-product","3":"status-publish","4":"has-post-thumbnail","6":"product_cat-lahjatavarat","7":"product_tag-joululahja","8":"product_tag-lahjaidea","9":"product_tag-lahjakortti","11":"first","12":"instock","13":"taxable","14":"shipping-taxable","15":"purchasable","16":"product-type-simple"},"_links":{"self":[{"href":"https:\/\/www.lappituote.fi\/lapinlumo\/index.php?rest_route=\/wp\/v2\/product\/1275","targetHints":{"allow":["GET"]}}],"collection":[{"href":"https:\/\/www.lappituote.fi\/lapinlumo\/index.php?rest_route=\/wp\/v2\/product"}],"about":[{"href":"https:\/\/www.lappituote.fi\/lapinlumo\/index.php?rest_route=\/wp\/v2\/types\/product"}],"replies":[{"embeddable":true,"href":"https:\/\/www.lappituote.fi\/lapinlumo\/index.php?rest_route=%2Fwp%2Fv2%2Fcomments&post=1275"}],"version-history":[{"count":2,"href":"https:\/\/www.lappituote.fi\/lapinlumo\/index.php?rest_route=\/wp\/v2\/product\/1275\/revisions"}],"predecessor-version":[{"id":1388,"href":"https:\/\/www.lappituote.fi\/lapinlumo\/index.php?rest_route=\/wp\/v2\/product\/1275\/revisions\/1388"}],"wp:featuredmedia":[{"embeddable":true,"href":"https:\/\/www.lappituote.fi\/lapinlumo\/index.php?rest_route=\/wp\/v2\/media\/1273"}],"wp:attachment":[{"href":"https:\/\/www.lappituote.fi\/lapinlumo\/index.php?rest_route=%2Fwp%2Fv2%2Fmedia&parent=1275"}],"wp:term":[{"taxonomy":"product_brand","embeddable":true,"href":"https:\/\/www.lappituote.fi\/lapinlumo\/index.php?rest_route=%2Fwp%2Fv2%2Fproduct_brand&post=1275"},{"taxonomy":"product_cat","embeddable":true,"href":"https:\/\/www.lappituote.fi\/lapinlumo\/index.php?rest_route=%2Fwp%2Fv2%2Fproduct_cat&post=1275"},{"taxonomy":"product_tag","embeddable":true,"href":"https:\/\/www.lappituote.fi\/lapinlumo\/index.php?rest_route=%2Fwp%2Fv2%2Fproduct_tag&post=1275"}],"curies":[{"name":"wp","href":"https:\/\/api.w.org\/{rel}","templated":true}]}}