{"id":1460,"date":"2023-03-30T14:06:45","date_gmt":"2023-03-30T12:06:45","guid":{"rendered":"https:\/\/www.lappituote.fi\/lapinlumo\/?post_type=product&#038;p=1460"},"modified":"2025-07-03T10:39:11","modified_gmt":"2025-07-03T08:39:11","slug":"visa-kuksa-iso","status":"publish","type":"product","link":"https:\/\/www.lappituote.fi\/lapinlumo\/?product=visa-kuksa-iso","title":{"rendered":"Visa kuksa, iso"},"content":{"rendered":"","protected":false},"excerpt":{"rendered":"<p>Kaunis loimuileva kuksa tuo ripauksen Lapin mystiikkaa retkip\u00e4iville. Nauti nuotiokahvit kotimaisesta visa kuksasta tai ker\u00e4\u00e4 siihen mets\u00e4n syysantimia. Kuksa on my\u00f6s t\u00e4ydellinen lahja retkeilev\u00e4lle!<\/p>\n<p>Isosta kuksasta l\u00f6ytyy sormipaikka kahdelle sormelle, jolloin se pysyy tukevasti k\u00e4dess\u00e4.<\/p>\n<p>Koko: 70mm<\/p>\n<p>Materiaali: Visa koivu<\/p>\n<p>Valmistusmaa: Suomi<\/p>\n","protected":false},"featured_media":1834,"comment_status":"open","ping_status":"closed","template":"","meta":{"neve_meta_sidebar":"","neve_meta_container":"","neve_meta_enable_content_width":"off","neve_meta_content_width":0,"neve_meta_title_alignment":"","neve_meta_author_avatar":"","neve_post_elements_order":"","neve_meta_disable_header":"","neve_meta_disable_footer":"","neve_meta_disable_title":""},"product_brand":[],"product_cat":[17],"product_tag":[38,25],"class_list":{"0":"post-1460","1":"product","2":"type-product","3":"status-publish","4":"has-post-thumbnail","6":"product_cat-retkeily","7":"product_tag-kuksa","8":"product_tag-retkeily","10":"first","11":"instock","12":"taxable","13":"shipping-taxable","14":"purchasable","15":"product-type-simple"},"_links":{"self":[{"href":"https:\/\/www.lappituote.fi\/lapinlumo\/index.php?rest_route=\/wp\/v2\/product\/1460","targetHints":{"allow":["GET"]}}],"collection":[{"href":"https:\/\/www.lappituote.fi\/lapinlumo\/index.php?rest_route=\/wp\/v2\/product"}],"about":[{"href":"https:\/\/www.lappituote.fi\/lapinlumo\/index.php?rest_route=\/wp\/v2\/types\/product"}],"replies":[{"embeddable":true,"href":"https:\/\/www.lappituote.fi\/lapinlumo\/index.php?rest_route=%2Fwp%2Fv2%2Fcomments&post=1460"}],"version-history":[{"count":2,"href":"https:\/\/www.lappituote.fi\/lapinlumo\/index.php?rest_route=\/wp\/v2\/product\/1460\/revisions"}],"predecessor-version":[{"id":1835,"href":"https:\/\/www.lappituote.fi\/lapinlumo\/index.php?rest_route=\/wp\/v2\/product\/1460\/revisions\/1835"}],"wp:featuredmedia":[{"embeddable":true,"href":"https:\/\/www.lappituote.fi\/lapinlumo\/index.php?rest_route=\/wp\/v2\/media\/1834"}],"wp:attachment":[{"href":"https:\/\/www.lappituote.fi\/lapinlumo\/index.php?rest_route=%2Fwp%2Fv2%2Fmedia&parent=1460"}],"wp:term":[{"taxonomy":"product_brand","embeddable":true,"href":"https:\/\/www.lappituote.fi\/lapinlumo\/index.php?rest_route=%2Fwp%2Fv2%2Fproduct_brand&post=1460"},{"taxonomy":"product_cat","embeddable":true,"href":"https:\/\/www.lappituote.fi\/lapinlumo\/index.php?rest_route=%2Fwp%2Fv2%2Fproduct_cat&post=1460"},{"taxonomy":"product_tag","embeddable":true,"href":"https:\/\/www.lappituote.fi\/lapinlumo\/index.php?rest_route=%2Fwp%2Fv2%2Fproduct_tag&post=1460"}],"curies":[{"name":"wp","href":"https:\/\/api.w.org\/{rel}","templated":true}]}}