{"id":1502,"date":"2023-06-12T14:30:05","date_gmt":"2023-06-12T12:30:05","guid":{"rendered":"https:\/\/www.lappituote.fi\/lapinlumo\/?post_type=product&#038;p=1502"},"modified":"2023-06-12T14:33:59","modified_gmt":"2023-06-12T12:33:59","slug":"korvakorut-luupalat-3","status":"publish","type":"product","link":"https:\/\/www.lappituote.fi\/lapinlumo\/?product=korvakorut-luupalat-3","title":{"rendered":"Korvakorut, Luupalat-3"},"content":{"rendered":"","protected":false},"excerpt":{"rendered":"<p>Leikkis\u00e4t ja pelkistetyn kauniit korvakorut on helppo yhdist\u00e4\u00e4 monenlaiseen asuun. Materiaali on hy\u00f6dynnetty tuotannon ylij\u00e4\u00e4m\u00e4 luusta, antaen koruille ekologista lis\u00e4arvoa. Materiaali on poron sarviluuta, jossa jokainen kohta on erilainen. N\u00e4in ollen jokainen koru on uniikki yksil\u00f6 ja koot voivat aavistuksen vaihdella.<\/p>\n<p>Materiaali: poron luu, kirurgin ter\u00e4s<\/p>\n<p>Koko: Luu renkaan halkaisija n. 0,5cm, metallirenkaan halkaisija 3cm<\/p>\n<p>Valmistettu: Suomessa<\/p>\n","protected":false},"featured_media":1503,"comment_status":"open","ping_status":"closed","template":"","meta":{"neve_meta_sidebar":"","neve_meta_container":"","neve_meta_enable_content_width":"off","neve_meta_content_width":0,"neve_meta_title_alignment":"","neve_meta_author_avatar":"","neve_post_elements_order":"","neve_meta_disable_header":"","neve_meta_disable_footer":"","neve_meta_disable_title":""},"product_brand":[],"product_cat":[22],"product_tag":[65,59],"class_list":{"0":"post-1502","1":"product","2":"type-product","3":"status-publish","4":"has-post-thumbnail","6":"product_cat-lahjatavarat","7":"product_tag-korvakorut","8":"product_tag-poronluu","10":"first","11":"instock","12":"taxable","13":"shipping-taxable","14":"purchasable","15":"product-type-simple"},"_links":{"self":[{"href":"https:\/\/www.lappituote.fi\/lapinlumo\/index.php?rest_route=\/wp\/v2\/product\/1502","targetHints":{"allow":["GET"]}}],"collection":[{"href":"https:\/\/www.lappituote.fi\/lapinlumo\/index.php?rest_route=\/wp\/v2\/product"}],"about":[{"href":"https:\/\/www.lappituote.fi\/lapinlumo\/index.php?rest_route=\/wp\/v2\/types\/product"}],"replies":[{"embeddable":true,"href":"https:\/\/www.lappituote.fi\/lapinlumo\/index.php?rest_route=%2Fwp%2Fv2%2Fcomments&post=1502"}],"version-history":[{"count":1,"href":"https:\/\/www.lappituote.fi\/lapinlumo\/index.php?rest_route=\/wp\/v2\/product\/1502\/revisions"}],"predecessor-version":[{"id":1504,"href":"https:\/\/www.lappituote.fi\/lapinlumo\/index.php?rest_route=\/wp\/v2\/product\/1502\/revisions\/1504"}],"wp:featuredmedia":[{"embeddable":true,"href":"https:\/\/www.lappituote.fi\/lapinlumo\/index.php?rest_route=\/wp\/v2\/media\/1503"}],"wp:attachment":[{"href":"https:\/\/www.lappituote.fi\/lapinlumo\/index.php?rest_route=%2Fwp%2Fv2%2Fmedia&parent=1502"}],"wp:term":[{"taxonomy":"product_brand","embeddable":true,"href":"https:\/\/www.lappituote.fi\/lapinlumo\/index.php?rest_route=%2Fwp%2Fv2%2Fproduct_brand&post=1502"},{"taxonomy":"product_cat","embeddable":true,"href":"https:\/\/www.lappituote.fi\/lapinlumo\/index.php?rest_route=%2Fwp%2Fv2%2Fproduct_cat&post=1502"},{"taxonomy":"product_tag","embeddable":true,"href":"https:\/\/www.lappituote.fi\/lapinlumo\/index.php?rest_route=%2Fwp%2Fv2%2Fproduct_tag&post=1502"}],"curies":[{"name":"wp","href":"https:\/\/api.w.org\/{rel}","templated":true}]}}