{"id":1800,"date":"2025-07-03T09:28:36","date_gmt":"2025-07-03T07:28:36","guid":{"rendered":"https:\/\/www.lappituote.fi\/lapinlumo\/?post_type=product&#038;p=1800"},"modified":"2025-07-03T10:04:09","modified_gmt":"2025-07-03T08:04:09","slug":"lampaanvillatossut-lila","status":"publish","type":"product","link":"https:\/\/www.lappituote.fi\/lapinlumo\/?product=lampaanvillatossut-lila","title":{"rendered":"Lampaanvillatossut, lila"},"content":{"rendered":"","protected":false},"excerpt":{"rendered":"<p>L\u00e4mmin ja pehme\u00e4 villatossu on ihana lahjaidea. Luonnonmateriaalista valmistetut tossut ovat 100% k\u00e4sity\u00f6t\u00e4 ja kuudesta upeasta v\u00e4rist\u00e4 l\u00f6yd\u00e4t s\u00e4vyt sek\u00e4 miehille ett\u00e4 naisille. Kest\u00e4v\u00e4 nupukkinahkapohja est\u00e4\u00e4 liukastumista ja sitoo l\u00e4mp\u00f6\u00e4.<\/p>\n<p>&nbsp;<\/p>\n<p>Materiaali: Lampaanvilla, pohja nupukkinahkaa<\/p>\n<p>Valmistusmaa: Nepali<\/p>\n<p>Pesuohje: Ei suositella vesipesua<\/p>\n","protected":false},"featured_media":1806,"comment_status":"open","ping_status":"closed","template":"","meta":{"neve_meta_sidebar":"","neve_meta_container":"","neve_meta_enable_content_width":"off","neve_meta_content_width":0,"neve_meta_title_alignment":"","neve_meta_author_avatar":"","neve_post_elements_order":"","neve_meta_disable_header":"","neve_meta_disable_footer":"","neve_meta_disable_title":""},"product_brand":[],"product_cat":[22,21],"product_tag":[94,82],"class_list":{"0":"post-1800","1":"product","2":"type-product","3":"status-publish","4":"has-post-thumbnail","6":"product_cat-lahjatavarat","7":"product_cat-tekstiilit","8":"product_tag-lampaanvilla","9":"product_tag-tossut","11":"first","12":"instock","13":"taxable","14":"shipping-taxable","15":"purchasable","16":"product-type-variable"},"_links":{"self":[{"href":"https:\/\/www.lappituote.fi\/lapinlumo\/index.php?rest_route=\/wp\/v2\/product\/1800","targetHints":{"allow":["GET"]}}],"collection":[{"href":"https:\/\/www.lappituote.fi\/lapinlumo\/index.php?rest_route=\/wp\/v2\/product"}],"about":[{"href":"https:\/\/www.lappituote.fi\/lapinlumo\/index.php?rest_route=\/wp\/v2\/types\/product"}],"replies":[{"embeddable":true,"href":"https:\/\/www.lappituote.fi\/lapinlumo\/index.php?rest_route=%2Fwp%2Fv2%2Fcomments&post=1800"}],"version-history":[{"count":1,"href":"https:\/\/www.lappituote.fi\/lapinlumo\/index.php?rest_route=\/wp\/v2\/product\/1800\/revisions"}],"predecessor-version":[{"id":1807,"href":"https:\/\/www.lappituote.fi\/lapinlumo\/index.php?rest_route=\/wp\/v2\/product\/1800\/revisions\/1807"}],"wp:featuredmedia":[{"embeddable":true,"href":"https:\/\/www.lappituote.fi\/lapinlumo\/index.php?rest_route=\/wp\/v2\/media\/1806"}],"wp:attachment":[{"href":"https:\/\/www.lappituote.fi\/lapinlumo\/index.php?rest_route=%2Fwp%2Fv2%2Fmedia&parent=1800"}],"wp:term":[{"taxonomy":"product_brand","embeddable":true,"href":"https:\/\/www.lappituote.fi\/lapinlumo\/index.php?rest_route=%2Fwp%2Fv2%2Fproduct_brand&post=1800"},{"taxonomy":"product_cat","embeddable":true,"href":"https:\/\/www.lappituote.fi\/lapinlumo\/index.php?rest_route=%2Fwp%2Fv2%2Fproduct_cat&post=1800"},{"taxonomy":"product_tag","embeddable":true,"href":"https:\/\/www.lappituote.fi\/lapinlumo\/index.php?rest_route=%2Fwp%2Fv2%2Fproduct_tag&post=1800"}],"curies":[{"name":"wp","href":"https:\/\/api.w.org\/{rel}","templated":true}]}}