{"id":1845,"date":"2025-07-10T07:49:52","date_gmt":"2025-07-10T05:49:52","guid":{"rendered":"https:\/\/www.lappituote.fi\/lapinlumo\/?post_type=product&#038;p=1845"},"modified":"2025-07-10T08:09:00","modified_gmt":"2025-07-10T06:09:00","slug":"noitarumpu-15cm","status":"publish","type":"product","link":"https:\/\/www.lappituote.fi\/lapinlumo\/?product=noitarumpu-15cm","title":{"rendered":"Noitarumpu, 15cm"},"content":{"rendered":"","protected":false},"excerpt":{"rendered":"<p>Noitarumpu on perinteinen Lapin matkamuisto, jonka historia menee vuosisatojen p\u00e4\u00e4h\u00e4n. K\u00e4sin Suomessa valmistettu noitarumpu tulee tyylikk\u00e4\u00e4ss\u00e4 kelo lahjarasiassa.<\/p>\n<p>&nbsp;<\/p>\n<p>Koko: 15cm<\/p>\n<p>Valmistusmaa: Suomi<\/p>\n","protected":false},"featured_media":1848,"comment_status":"open","ping_status":"closed","template":"","meta":{"neve_meta_sidebar":"","neve_meta_container":"","neve_meta_enable_content_width":"off","neve_meta_content_width":0,"neve_meta_title_alignment":"","neve_meta_author_avatar":"","neve_post_elements_order":"","neve_meta_disable_header":"","neve_meta_disable_footer":"","neve_meta_disable_title":""},"product_brand":[],"product_cat":[22],"product_tag":[95],"class_list":{"0":"post-1845","1":"product","2":"type-product","3":"status-publish","4":"has-post-thumbnail","6":"product_cat-lahjatavarat","7":"product_tag-noitarumpu","9":"first","10":"instock","11":"taxable","12":"shipping-taxable","13":"purchasable","14":"product-type-simple"},"_links":{"self":[{"href":"https:\/\/www.lappituote.fi\/lapinlumo\/index.php?rest_route=\/wp\/v2\/product\/1845","targetHints":{"allow":["GET"]}}],"collection":[{"href":"https:\/\/www.lappituote.fi\/lapinlumo\/index.php?rest_route=\/wp\/v2\/product"}],"about":[{"href":"https:\/\/www.lappituote.fi\/lapinlumo\/index.php?rest_route=\/wp\/v2\/types\/product"}],"replies":[{"embeddable":true,"href":"https:\/\/www.lappituote.fi\/lapinlumo\/index.php?rest_route=%2Fwp%2Fv2%2Fcomments&post=1845"}],"version-history":[{"count":1,"href":"https:\/\/www.lappituote.fi\/lapinlumo\/index.php?rest_route=\/wp\/v2\/product\/1845\/revisions"}],"predecessor-version":[{"id":1847,"href":"https:\/\/www.lappituote.fi\/lapinlumo\/index.php?rest_route=\/wp\/v2\/product\/1845\/revisions\/1847"}],"wp:featuredmedia":[{"embeddable":true,"href":"https:\/\/www.lappituote.fi\/lapinlumo\/index.php?rest_route=\/wp\/v2\/media\/1848"}],"wp:attachment":[{"href":"https:\/\/www.lappituote.fi\/lapinlumo\/index.php?rest_route=%2Fwp%2Fv2%2Fmedia&parent=1845"}],"wp:term":[{"taxonomy":"product_brand","embeddable":true,"href":"https:\/\/www.lappituote.fi\/lapinlumo\/index.php?rest_route=%2Fwp%2Fv2%2Fproduct_brand&post=1845"},{"taxonomy":"product_cat","embeddable":true,"href":"https:\/\/www.lappituote.fi\/lapinlumo\/index.php?rest_route=%2Fwp%2Fv2%2Fproduct_cat&post=1845"},{"taxonomy":"product_tag","embeddable":true,"href":"https:\/\/www.lappituote.fi\/lapinlumo\/index.php?rest_route=%2Fwp%2Fv2%2Fproduct_tag&post=1845"}],"curies":[{"name":"wp","href":"https:\/\/api.w.org\/{rel}","templated":true}]}}