{"id":1891,"date":"2025-11-26T13:53:05","date_gmt":"2025-11-26T11:53:05","guid":{"rendered":"https:\/\/www.lappituote.fi\/lapinlumo\/?post_type=product&#038;p=1891"},"modified":"2025-11-26T13:53:05","modified_gmt":"2025-11-26T11:53:05","slug":"neljantuulenlakki-sininen","status":"publish","type":"product","link":"https:\/\/www.lappituote.fi\/lapinlumo\/?product=neljantuulenlakki-sininen","title":{"rendered":"Nelj\u00e4ntuulenlakki, sininen"},"content":{"rendered":"<p>Perinteinen k\u00e4sity\u00f6n\u00e4 tehty nelj\u00e4ntuulenlakki.<\/p>\n<p>Saatavilla olevat koot: 49-50, 51-52, 53-54, 55-56, 57-58, 59-60, 61-62, 63-64. Kirjoita haluamasi koko\/koot kassalla olevaan kommenttikentt\u00e4\u00e4n.<\/p>\n","protected":false},"excerpt":{"rendered":"<p>Perinteinen k\u00e4sity\u00f6n\u00e4 tehty nelj\u00e4ntuulenlakki. Saatavilla olevat koot: 49-50, 51-52, 53-54, 55-56, 57-58, 59-60, 61-62, 63-64. Kirjoita haluamasi koko\/koot kassalla olevaan kommenttikentt\u00e4\u00e4n.<\/p>\n","protected":false},"featured_media":1888,"comment_status":"open","ping_status":"closed","template":"","meta":{"neve_meta_sidebar":"","neve_meta_container":"","neve_meta_enable_content_width":"off","neve_meta_content_width":100,"neve_meta_title_alignment":"","neve_meta_author_avatar":"","neve_post_elements_order":"","neve_meta_disable_header":"","neve_meta_disable_footer":"","neve_meta_disable_title":""},"product_brand":[],"product_cat":[21],"product_tag":[],"class_list":{"0":"post-1891","1":"product","2":"type-product","3":"status-publish","4":"has-post-thumbnail","6":"product_cat-tekstiilit","8":"first","9":"instock","10":"taxable","11":"shipping-taxable","12":"purchasable","13":"product-type-simple"},"_links":{"self":[{"href":"https:\/\/www.lappituote.fi\/lapinlumo\/index.php?rest_route=\/wp\/v2\/product\/1891","targetHints":{"allow":["GET"]}}],"collection":[{"href":"https:\/\/www.lappituote.fi\/lapinlumo\/index.php?rest_route=\/wp\/v2\/product"}],"about":[{"href":"https:\/\/www.lappituote.fi\/lapinlumo\/index.php?rest_route=\/wp\/v2\/types\/product"}],"replies":[{"embeddable":true,"href":"https:\/\/www.lappituote.fi\/lapinlumo\/index.php?rest_route=%2Fwp%2Fv2%2Fcomments&post=1891"}],"version-history":[{"count":1,"href":"https:\/\/www.lappituote.fi\/lapinlumo\/index.php?rest_route=\/wp\/v2\/product\/1891\/revisions"}],"predecessor-version":[{"id":1892,"href":"https:\/\/www.lappituote.fi\/lapinlumo\/index.php?rest_route=\/wp\/v2\/product\/1891\/revisions\/1892"}],"wp:featuredmedia":[{"embeddable":true,"href":"https:\/\/www.lappituote.fi\/lapinlumo\/index.php?rest_route=\/wp\/v2\/media\/1888"}],"wp:attachment":[{"href":"https:\/\/www.lappituote.fi\/lapinlumo\/index.php?rest_route=%2Fwp%2Fv2%2Fmedia&parent=1891"}],"wp:term":[{"taxonomy":"product_brand","embeddable":true,"href":"https:\/\/www.lappituote.fi\/lapinlumo\/index.php?rest_route=%2Fwp%2Fv2%2Fproduct_brand&post=1891"},{"taxonomy":"product_cat","embeddable":true,"href":"https:\/\/www.lappituote.fi\/lapinlumo\/index.php?rest_route=%2Fwp%2Fv2%2Fproduct_cat&post=1891"},{"taxonomy":"product_tag","embeddable":true,"href":"https:\/\/www.lappituote.fi\/lapinlumo\/index.php?rest_route=%2Fwp%2Fv2%2Fproduct_tag&post=1891"}],"curies":[{"name":"wp","href":"https:\/\/api.w.org\/{rel}","templated":true}]}}