{"id":604,"date":"2021-02-19T11:16:36","date_gmt":"2021-02-19T09:16:36","guid":{"rendered":"https:\/\/www.lappituote.fi\/lapinlumo\/?post_type=product&#038;p=604"},"modified":"2025-01-22T09:37:06","modified_gmt":"2025-01-22T07:37:06","slug":"naulakko-kolme-piikkia-poronsarvi-kelo","status":"publish","type":"product","link":"https:\/\/www.lappituote.fi\/lapinlumo\/?product=naulakko-kolme-piikkia-poronsarvi-kelo","title":{"rendered":"Naulakko, kolme koukkua, poronsarvi \/ kelo"},"content":{"rendered":"","protected":false},"excerpt":{"rendered":"<p>Lapin henke\u00e4 huokuva naulakko on valmistettu kelopuusta ja poronluusta. Koska jokainen sarvenp\u00e4\u00e4 ja kelopuu on erilainen , kukin naulakko on uniikki taideteos, joka on helppo yhdist\u00e4\u00e4 moderniin skandinaaviseen sisustustyyliin.<\/p>\n<p>Koko: noin 25 x 10cm<\/p>\n<p>Valmistusmaa: Suomi<\/p>\n","protected":false},"featured_media":605,"comment_status":"open","ping_status":"closed","template":"","meta":{"neve_meta_sidebar":"","neve_meta_container":"","neve_meta_enable_content_width":"off","neve_meta_content_width":0,"neve_meta_title_alignment":"","neve_meta_author_avatar":"","neve_post_elements_order":"","neve_meta_disable_header":"","neve_meta_disable_footer":"","neve_meta_disable_title":""},"product_brand":[],"product_cat":[19],"product_tag":[47,46,45,48],"class_list":{"0":"post-604","1":"product","2":"type-product","3":"status-publish","4":"has-post-thumbnail","6":"product_cat-sisustus","7":"product_tag-kasityo","8":"product_tag-kelo","9":"product_tag-naulakko","10":"product_tag-sisustus","12":"first","13":"instock","14":"taxable","15":"shipping-taxable","16":"purchasable","17":"product-type-simple"},"_links":{"self":[{"href":"https:\/\/www.lappituote.fi\/lapinlumo\/index.php?rest_route=\/wp\/v2\/product\/604","targetHints":{"allow":["GET"]}}],"collection":[{"href":"https:\/\/www.lappituote.fi\/lapinlumo\/index.php?rest_route=\/wp\/v2\/product"}],"about":[{"href":"https:\/\/www.lappituote.fi\/lapinlumo\/index.php?rest_route=\/wp\/v2\/types\/product"}],"replies":[{"embeddable":true,"href":"https:\/\/www.lappituote.fi\/lapinlumo\/index.php?rest_route=%2Fwp%2Fv2%2Fcomments&post=604"}],"version-history":[{"count":4,"href":"https:\/\/www.lappituote.fi\/lapinlumo\/index.php?rest_route=\/wp\/v2\/product\/604\/revisions"}],"predecessor-version":[{"id":1454,"href":"https:\/\/www.lappituote.fi\/lapinlumo\/index.php?rest_route=\/wp\/v2\/product\/604\/revisions\/1454"}],"wp:featuredmedia":[{"embeddable":true,"href":"https:\/\/www.lappituote.fi\/lapinlumo\/index.php?rest_route=\/wp\/v2\/media\/605"}],"wp:attachment":[{"href":"https:\/\/www.lappituote.fi\/lapinlumo\/index.php?rest_route=%2Fwp%2Fv2%2Fmedia&parent=604"}],"wp:term":[{"taxonomy":"product_brand","embeddable":true,"href":"https:\/\/www.lappituote.fi\/lapinlumo\/index.php?rest_route=%2Fwp%2Fv2%2Fproduct_brand&post=604"},{"taxonomy":"product_cat","embeddable":true,"href":"https:\/\/www.lappituote.fi\/lapinlumo\/index.php?rest_route=%2Fwp%2Fv2%2Fproduct_cat&post=604"},{"taxonomy":"product_tag","embeddable":true,"href":"https:\/\/www.lappituote.fi\/lapinlumo\/index.php?rest_route=%2Fwp%2Fv2%2Fproduct_tag&post=604"}],"curies":[{"name":"wp","href":"https:\/\/api.w.org\/{rel}","templated":true}]}}